{"id":7096,"date":"2025-09-08T12:42:31","date_gmt":"2025-09-08T10:42:31","guid":{"rendered":"https:\/\/glownote.nl\/wenskaars\/voor-altijd-de-jouwe-ik-hou-van-jou\/"},"modified":"2025-12-14T20:33:01","modified_gmt":"2025-12-14T19:33:01","slug":"fuer-immer-dein-ich-liebe-dich","status":"publish","type":"product","link":"https:\/\/glownote.nl\/de\/wunschkerze\/fuer-immer-dein-ich-liebe-dich\/","title":{"rendered":"F\u00fcr immer dein &#8211; Ich liebe dich"},"content":{"rendered":"<h3 style=\"text-align: center;\">Eine Botschaft, die im Dunkeln aufleuchtet<\/h3>\n<p style=\"text-align: center;\">Manchmal sagt eine Wunschkerze mehr als Worte. Mit einer GlowNote-Wunschkerze verschenkst du Licht, Duft und eine pers\u00f6nliche Botschaft, gegossen aus 100 % nat\u00fcrlichem Sojawachs.<br \/>\nVerborgen im Wachs liegt dein Text, der langsam sichtbar wird, sobald die Kerze brennt. Ein bedeutungsvolles Geschenk f\u00fcr jemanden, der dir am Herzen liegt.<\/p>\n<p style=\"text-align: center;\">F\u00fcr wen m\u00f6chtest du eine GlowNote zum Leuchten bringen?<\/p>\n","protected":false},"excerpt":{"rendered":"<p>Die Worte sind gew\u00e4hlt. Du musst nur noch den Duft ausw\u00e4hlen. Wir sorgen daf\u00fcr, dass deine Botschaft im richtigen Moment ankommt.<\/p>\n","protected":false},"featured_media":7106,"template":"","meta":{"_acf_changed":false},"product_brand":[],"product_cat":[139,144],"product_tag":[],"class_list":{"0":"post-7096","1":"product","2":"type-product","3":"status-publish","4":"has-post-thumbnail","6":"product_cat-liebe","7":"product_cat-wunschkerzen-mit-text","9":"first","10":"instock","11":"taxable","12":"shipping-taxable","13":"purchasable","14":"product-type-variable"},"acf":[],"yoast_head":"<!-- This site is optimized with the Yoast SEO Premium plugin v27.5 (Yoast SEO v27.5) - https:\/\/yoast.com\/product\/yoast-seo-premium-wordpress\/ -->\n<title>F\u00fcr immer dein - Ich liebe dich - GlowNote<\/title>\n<meta name=\"description\" content=\"Verschenke mit der Kerze mit Botschaft nicht nur Licht, sondern auch eine pers\u00f6nliche Botschaft. Lass deinen Text beim Brennen sichtbar werden!\" \/>\n<meta name=\"robots\" content=\"index, follow, max-snippet:-1, max-image-preview:large, max-video-preview:-1\" \/>\n<link rel=\"canonical\" href=\"https:\/\/glownote.nl\/de\/wunschkerze\/fuer-immer-dein-ich-liebe-dich\/\" \/>\n<meta property=\"og:locale\" content=\"de_DE\" \/>\n<meta property=\"og:type\" content=\"article\" \/>\n<meta property=\"og:title\" content=\"F\u00fcr immer dein - Ich liebe dich\" \/>\n<meta property=\"og:description\" content=\"Verschenke mit der Kerze mit Botschaft nicht nur Licht, sondern auch eine pers\u00f6nliche Botschaft. Lass deinen Text beim Brennen sichtbar werden!\" \/>\n<meta property=\"og:url\" content=\"https:\/\/glownote.nl\/de\/wunschkerze\/fuer-immer-dein-ich-liebe-dich\/\" \/>\n<meta property=\"og:site_name\" content=\"GlowNote\" \/>\n<meta property=\"article:publisher\" content=\"https:\/\/www.facebook.com\/glownote\" \/>\n<meta property=\"article:modified_time\" content=\"2025-12-14T19:33:01+00:00\" \/>\n<meta property=\"og:image\" content=\"https:\/\/glownote.nl\/wp-content\/uploads\/2025\/12\/liebe-01.jpg\" \/>\n\t<meta property=\"og:image:width\" content=\"1920\" \/>\n\t<meta property=\"og:image:height\" content=\"1080\" \/>\n\t<meta property=\"og:image:type\" content=\"image\/jpeg\" \/>\n<meta name=\"twitter:card\" content=\"summary_large_image\" \/>\n<meta name=\"twitter:label1\" content=\"Verf\u00fcgbarkeit\" \/>\n\t<meta name=\"twitter:data1\" content=\"Auf Lager\" \/>\n<script type=\"application\/ld+json\" class=\"yoast-schema-graph\">{\"@context\":\"https:\\\/\\\/schema.org\",\"@graph\":[{\"@type\":\"WebPage\",\"@id\":\"https:\\\/\\\/glownote.nl\\\/de\\\/wunschkerze\\\/fuer-immer-dein-ich-liebe-dich\\\/\",\"url\":\"https:\\\/\\\/glownote.nl\\\/de\\\/wunschkerze\\\/fuer-immer-dein-ich-liebe-dich\\\/\",\"name\":\"F\u00fcr immer dein - Ich liebe dich - GlowNote\",\"isPartOf\":{\"@id\":\"https:\\\/\\\/glownote.nl\\\/de\\\/#website\"},\"primaryImageOfPage\":{\"@id\":\"https:\\\/\\\/glownote.nl\\\/de\\\/wunschkerze\\\/fuer-immer-dein-ich-liebe-dich\\\/#primaryimage\"},\"image\":{\"@id\":\"https:\\\/\\\/glownote.nl\\\/de\\\/wunschkerze\\\/fuer-immer-dein-ich-liebe-dich\\\/#primaryimage\"},\"thumbnailUrl\":\"https:\\\/\\\/glownote.nl\\\/wp-content\\\/uploads\\\/2025\\\/12\\\/liebe-01.jpg\",\"datePublished\":\"2025-09-08T10:42:31+00:00\",\"dateModified\":\"2025-12-14T19:33:01+00:00\",\"description\":\"Verschenke mit der Kerze mit Botschaft nicht nur Licht, sondern auch eine pers\u00f6nliche Botschaft. Lass deinen Text beim Brennen sichtbar werden!\",\"breadcrumb\":{\"@id\":\"https:\\\/\\\/glownote.nl\\\/de\\\/wunschkerze\\\/fuer-immer-dein-ich-liebe-dich\\\/#breadcrumb\"},\"inLanguage\":\"de\",\"potentialAction\":[{\"@type\":\"ReadAction\",\"target\":[\"https:\\\/\\\/glownote.nl\\\/de\\\/wunschkerze\\\/fuer-immer-dein-ich-liebe-dich\\\/\"]}]},{\"@type\":\"ImageObject\",\"inLanguage\":\"de\",\"@id\":\"https:\\\/\\\/glownote.nl\\\/de\\\/wunschkerze\\\/fuer-immer-dein-ich-liebe-dich\\\/#primaryimage\",\"url\":\"https:\\\/\\\/glownote.nl\\\/wp-content\\\/uploads\\\/2025\\\/12\\\/liebe-01.jpg\",\"contentUrl\":\"https:\\\/\\\/glownote.nl\\\/wp-content\\\/uploads\\\/2025\\\/12\\\/liebe-01.jpg\",\"width\":1920,\"height\":1080},{\"@type\":\"BreadcrumbList\",\"@id\":\"https:\\\/\\\/glownote.nl\\\/de\\\/wunschkerze\\\/fuer-immer-dein-ich-liebe-dich\\\/#breadcrumb\",\"itemListElement\":[{\"@type\":\"ListItem\",\"position\":1,\"name\":\"Home\",\"item\":\"https:\\\/\\\/glownote.nl\\\/de\\\/\"},{\"@type\":\"ListItem\",\"position\":2,\"name\":\"Liebe\",\"item\":\"https:\\\/\\\/glownote.nl\\\/de\\\/wunschkerzen\\\/liebe\\\/\"},{\"@type\":\"ListItem\",\"position\":3,\"name\":\"F\u00fcr immer dein &#8211; Ich liebe dich\"}]},{\"@type\":\"WebSite\",\"@id\":\"https:\\\/\\\/glownote.nl\\\/de\\\/#website\",\"url\":\"https:\\\/\\\/glownote.nl\\\/de\\\/\",\"name\":\"GlowNote\",\"description\":\"Wenskaars met een persoonlijke tekst\",\"publisher\":{\"@id\":\"https:\\\/\\\/glownote.nl\\\/de\\\/#organization\"},\"potentialAction\":[{\"@type\":\"SearchAction\",\"target\":{\"@type\":\"EntryPoint\",\"urlTemplate\":\"https:\\\/\\\/glownote.nl\\\/de\\\/?s={search_term_string}\"},\"query-input\":{\"@type\":\"PropertyValueSpecification\",\"valueRequired\":true,\"valueName\":\"search_term_string\"}}],\"inLanguage\":\"de\"},{\"@type\":\"Organization\",\"@id\":\"https:\\\/\\\/glownote.nl\\\/de\\\/#organization\",\"name\":\"GlowNote\",\"url\":\"https:\\\/\\\/glownote.nl\\\/de\\\/\",\"logo\":{\"@type\":\"ImageObject\",\"inLanguage\":\"de\",\"@id\":\"https:\\\/\\\/glownote.nl\\\/de\\\/#\\\/schema\\\/logo\\\/image\\\/\",\"url\":\"https:\\\/\\\/glownote.nl\\\/wp-content\\\/uploads\\\/2025\\\/05\\\/Untitled-3.png\",\"contentUrl\":\"https:\\\/\\\/glownote.nl\\\/wp-content\\\/uploads\\\/2025\\\/05\\\/Untitled-3.png\",\"width\":696,\"height\":696,\"caption\":\"GlowNote\"},\"image\":{\"@id\":\"https:\\\/\\\/glownote.nl\\\/de\\\/#\\\/schema\\\/logo\\\/image\\\/\"},\"sameAs\":[\"https:\\\/\\\/www.facebook.com\\\/glownote\",\"https:\\\/\\\/www.instagram.com\\\/glownote.nl\\\/\"],\"description\":\"Een GlowNote is niet zomaar een kaars. Laag voor laag smelt het licht je tegemoet, tot de boodschap zichtbaar wordt. Elke GlowNote bevat een persoonlijke tekst, zorgvuldig verstopt in de kaars. Pas als het licht brandt, komt de boodschap langzaam tevoorschijn. Voor een verjaardag, bedankje, herinnering of zomaar \u2014 altijd op het juiste moment.\",\"email\":\"post@glownote.nl\",\"telephone\":\"0634246920\",\"legalName\":\"GlowNote\",\"foundingDate\":\"2025-02-04\",\"vatID\":\"NL001588101B17\",\"numberOfEmployees\":{\"@type\":\"QuantitativeValue\",\"minValue\":\"1\",\"maxValue\":\"10\"}}]}<\/script>\n<meta property=\"og:availability\" content=\"instock\" \/>\n<meta property=\"product:availability\" content=\"instock\" \/>\n<meta property=\"product:retailer_item_id\" content=\"GN3410\" \/>\n<meta property=\"product:condition\" content=\"new\" \/>\n<!-- \/ Yoast SEO Premium plugin. -->","yoast_head_json":{"title":"F\u00fcr immer dein - Ich liebe dich - GlowNote","description":"Verschenke mit der Kerze mit Botschaft nicht nur Licht, sondern auch eine pers\u00f6nliche Botschaft. Lass deinen Text beim Brennen sichtbar werden!","robots":{"index":"index","follow":"follow","max-snippet":"max-snippet:-1","max-image-preview":"max-image-preview:large","max-video-preview":"max-video-preview:-1"},"canonical":"https:\/\/glownote.nl\/de\/wunschkerze\/fuer-immer-dein-ich-liebe-dich\/","og_locale":"de_DE","og_type":"article","og_title":"F\u00fcr immer dein - Ich liebe dich","og_description":"Verschenke mit der Kerze mit Botschaft nicht nur Licht, sondern auch eine pers\u00f6nliche Botschaft. Lass deinen Text beim Brennen sichtbar werden!","og_url":"https:\/\/glownote.nl\/de\/wunschkerze\/fuer-immer-dein-ich-liebe-dich\/","og_site_name":"GlowNote","article_publisher":"https:\/\/www.facebook.com\/glownote","article_modified_time":"2025-12-14T19:33:01+00:00","og_image":[{"width":1920,"height":1080,"url":"https:\/\/glownote.nl\/wp-content\/uploads\/2025\/12\/liebe-01.jpg","type":"image\/jpeg"}],"twitter_card":"summary_large_image","twitter_misc":{"Verf\u00fcgbarkeit":"Auf Lager"},"schema":{"@context":"https:\/\/schema.org","@graph":[{"@type":"WebPage","@id":"https:\/\/glownote.nl\/de\/wunschkerze\/fuer-immer-dein-ich-liebe-dich\/","url":"https:\/\/glownote.nl\/de\/wunschkerze\/fuer-immer-dein-ich-liebe-dich\/","name":"F\u00fcr immer dein - Ich liebe dich - GlowNote","isPartOf":{"@id":"https:\/\/glownote.nl\/de\/#website"},"primaryImageOfPage":{"@id":"https:\/\/glownote.nl\/de\/wunschkerze\/fuer-immer-dein-ich-liebe-dich\/#primaryimage"},"image":{"@id":"https:\/\/glownote.nl\/de\/wunschkerze\/fuer-immer-dein-ich-liebe-dich\/#primaryimage"},"thumbnailUrl":"https:\/\/glownote.nl\/wp-content\/uploads\/2025\/12\/liebe-01.jpg","datePublished":"2025-09-08T10:42:31+00:00","dateModified":"2025-12-14T19:33:01+00:00","description":"Verschenke mit der Kerze mit Botschaft nicht nur Licht, sondern auch eine pers\u00f6nliche Botschaft. Lass deinen Text beim Brennen sichtbar werden!","breadcrumb":{"@id":"https:\/\/glownote.nl\/de\/wunschkerze\/fuer-immer-dein-ich-liebe-dich\/#breadcrumb"},"inLanguage":"de","potentialAction":[{"@type":"ReadAction","target":["https:\/\/glownote.nl\/de\/wunschkerze\/fuer-immer-dein-ich-liebe-dich\/"]}]},{"@type":"ImageObject","inLanguage":"de","@id":"https:\/\/glownote.nl\/de\/wunschkerze\/fuer-immer-dein-ich-liebe-dich\/#primaryimage","url":"https:\/\/glownote.nl\/wp-content\/uploads\/2025\/12\/liebe-01.jpg","contentUrl":"https:\/\/glownote.nl\/wp-content\/uploads\/2025\/12\/liebe-01.jpg","width":1920,"height":1080},{"@type":"BreadcrumbList","@id":"https:\/\/glownote.nl\/de\/wunschkerze\/fuer-immer-dein-ich-liebe-dich\/#breadcrumb","itemListElement":[{"@type":"ListItem","position":1,"name":"Home","item":"https:\/\/glownote.nl\/de\/"},{"@type":"ListItem","position":2,"name":"Liebe","item":"https:\/\/glownote.nl\/de\/wunschkerzen\/liebe\/"},{"@type":"ListItem","position":3,"name":"F\u00fcr immer dein &#8211; Ich liebe dich"}]},{"@type":"WebSite","@id":"https:\/\/glownote.nl\/de\/#website","url":"https:\/\/glownote.nl\/de\/","name":"GlowNote","description":"Wenskaars met een persoonlijke tekst","publisher":{"@id":"https:\/\/glownote.nl\/de\/#organization"},"potentialAction":[{"@type":"SearchAction","target":{"@type":"EntryPoint","urlTemplate":"https:\/\/glownote.nl\/de\/?s={search_term_string}"},"query-input":{"@type":"PropertyValueSpecification","valueRequired":true,"valueName":"search_term_string"}}],"inLanguage":"de"},{"@type":"Organization","@id":"https:\/\/glownote.nl\/de\/#organization","name":"GlowNote","url":"https:\/\/glownote.nl\/de\/","logo":{"@type":"ImageObject","inLanguage":"de","@id":"https:\/\/glownote.nl\/de\/#\/schema\/logo\/image\/","url":"https:\/\/glownote.nl\/wp-content\/uploads\/2025\/05\/Untitled-3.png","contentUrl":"https:\/\/glownote.nl\/wp-content\/uploads\/2025\/05\/Untitled-3.png","width":696,"height":696,"caption":"GlowNote"},"image":{"@id":"https:\/\/glownote.nl\/de\/#\/schema\/logo\/image\/"},"sameAs":["https:\/\/www.facebook.com\/glownote","https:\/\/www.instagram.com\/glownote.nl\/"],"description":"Een GlowNote is niet zomaar een kaars. Laag voor laag smelt het licht je tegemoet, tot de boodschap zichtbaar wordt. Elke GlowNote bevat een persoonlijke tekst, zorgvuldig verstopt in de kaars. Pas als het licht brandt, komt de boodschap langzaam tevoorschijn. Voor een verjaardag, bedankje, herinnering of zomaar \u2014 altijd op het juiste moment.","email":"post@glownote.nl","telephone":"0634246920","legalName":"GlowNote","foundingDate":"2025-02-04","vatID":"NL001588101B17","numberOfEmployees":{"@type":"QuantitativeValue","minValue":"1","maxValue":"10"}}]},"og_availability":"instock","product_availability":"instock","product_retailer_item_id":"GN3410","product_condition":"new"},"_links":{"self":[{"href":"https:\/\/glownote.nl\/de\/wp-json\/wp\/v2\/product\/7096","targetHints":{"allow":["GET"]}}],"collection":[{"href":"https:\/\/glownote.nl\/de\/wp-json\/wp\/v2\/product"}],"about":[{"href":"https:\/\/glownote.nl\/de\/wp-json\/wp\/v2\/types\/product"}],"wp:featuredmedia":[{"embeddable":true,"href":"https:\/\/glownote.nl\/de\/wp-json\/wp\/v2\/media\/7106"}],"wp:attachment":[{"href":"https:\/\/glownote.nl\/de\/wp-json\/wp\/v2\/media?parent=7096"}],"wp:term":[{"taxonomy":"product_brand","embeddable":true,"href":"https:\/\/glownote.nl\/de\/wp-json\/wp\/v2\/product_brand?post=7096"},{"taxonomy":"product_cat","embeddable":true,"href":"https:\/\/glownote.nl\/de\/wp-json\/wp\/v2\/product_cat?post=7096"},{"taxonomy":"product_tag","embeddable":true,"href":"https:\/\/glownote.nl\/de\/wp-json\/wp\/v2\/product_tag?post=7096"}],"curies":[{"name":"wp","href":"https:\/\/api.w.org\/{rel}","templated":true}]}}