{"id":7613,"date":"2025-09-06T15:24:59","date_gmt":"2025-09-06T13:24:59","guid":{"rendered":"https:\/\/glownote.nl\/wenskaars\/gefeliciteerd-jullie-worden-opa-oma\/"},"modified":"2025-12-15T09:54:29","modified_gmt":"2025-12-15T08:54:29","slug":"glueckwunsch-neue-grosseltern","status":"publish","type":"product","link":"https:\/\/glownote.nl\/de\/wunschkerze\/glueckwunsch-neue-grosseltern\/","title":{"rendered":"Gl\u00fcckwunsch &#8211; Neue Gro\u00dfeltern"},"content":{"rendered":"","protected":false},"excerpt":{"rendered":"","protected":false},"featured_media":7638,"template":"","meta":{"_acf_changed":false},"product_brand":[],"product_cat":[144,137],"product_tag":[],"class_list":{"0":"post-7613","1":"product","2":"type-product","3":"status-publish","4":"has-post-thumbnail","6":"product_cat-wunschkerzen-mit-text","7":"product_cat-zur-geburt","9":"first","10":"instock","11":"taxable","12":"shipping-taxable","13":"purchasable","14":"product-type-variable"},"acf":[],"yoast_head":"<!-- This site is optimized with the Yoast SEO Premium plugin v27.5 (Yoast SEO v27.5) - https:\/\/yoast.com\/product\/yoast-seo-premium-wordpress\/ -->\n<title>Gl\u00fcckwunsch - Neue Gro\u00dfeltern - GlowNote<\/title>\n<meta name=\"description\" content=\"Unsere Kerze mit Botschaft ist das perfekte Geschenk f\u00fcr Ihre Liebsten. Verleihen Sie jeder Feier eine besondere Atmosph\u00e4re und kaufen Sie eine!\" \/>\n<meta name=\"robots\" content=\"index, follow, max-snippet:-1, max-image-preview:large, max-video-preview:-1\" \/>\n<link rel=\"canonical\" href=\"https:\/\/glownote.nl\/de\/wunschkerze\/glueckwunsch-neue-grosseltern\/\" \/>\n<meta property=\"og:locale\" content=\"de_DE\" \/>\n<meta property=\"og:type\" content=\"article\" \/>\n<meta property=\"og:title\" content=\"Gl\u00fcckwunsch - Neue Gro\u00dfeltern\" \/>\n<meta property=\"og:description\" content=\"Unsere Kerze mit Botschaft ist das perfekte Geschenk f\u00fcr Ihre Liebsten. Verleihen Sie jeder Feier eine besondere Atmosph\u00e4re und kaufen Sie eine!\" \/>\n<meta property=\"og:url\" content=\"https:\/\/glownote.nl\/de\/wunschkerze\/glueckwunsch-neue-grosseltern\/\" \/>\n<meta property=\"og:site_name\" content=\"GlowNote\" \/>\n<meta property=\"article:publisher\" content=\"https:\/\/www.facebook.com\/glownote\" \/>\n<meta property=\"article:modified_time\" content=\"2025-12-15T08:54:29+00:00\" \/>\n<meta property=\"og:image\" content=\"https:\/\/glownote.nl\/wp-content\/uploads\/2025\/12\/zur-geburt-06.jpg\" \/>\n\t<meta property=\"og:image:width\" content=\"1920\" \/>\n\t<meta property=\"og:image:height\" content=\"1080\" \/>\n\t<meta property=\"og:image:type\" content=\"image\/jpeg\" \/>\n<meta name=\"twitter:card\" content=\"summary_large_image\" \/>\n<meta name=\"twitter:label1\" content=\"Verf\u00fcgbarkeit\" \/>\n\t<meta name=\"twitter:data1\" content=\"Auf Lager\" \/>\n<script type=\"application\/ld+json\" class=\"yoast-schema-graph\">{\"@context\":\"https:\\\/\\\/schema.org\",\"@graph\":[{\"@type\":\"WebPage\",\"@id\":\"https:\\\/\\\/glownote.nl\\\/de\\\/wunschkerze\\\/glueckwunsch-neue-grosseltern\\\/\",\"url\":\"https:\\\/\\\/glownote.nl\\\/de\\\/wunschkerze\\\/glueckwunsch-neue-grosseltern\\\/\",\"name\":\"Gl\u00fcckwunsch - Neue Gro\u00dfeltern - GlowNote\",\"isPartOf\":{\"@id\":\"https:\\\/\\\/glownote.nl\\\/de\\\/#website\"},\"primaryImageOfPage\":{\"@id\":\"https:\\\/\\\/glownote.nl\\\/de\\\/wunschkerze\\\/glueckwunsch-neue-grosseltern\\\/#primaryimage\"},\"image\":{\"@id\":\"https:\\\/\\\/glownote.nl\\\/de\\\/wunschkerze\\\/glueckwunsch-neue-grosseltern\\\/#primaryimage\"},\"thumbnailUrl\":\"https:\\\/\\\/glownote.nl\\\/wp-content\\\/uploads\\\/2025\\\/12\\\/zur-geburt-06.jpg\",\"datePublished\":\"2025-09-06T13:24:59+00:00\",\"dateModified\":\"2025-12-15T08:54:29+00:00\",\"description\":\"Unsere Kerze mit Botschaft ist das perfekte Geschenk f\u00fcr Ihre Liebsten. Verleihen Sie jeder Feier eine besondere Atmosph\u00e4re und kaufen Sie eine!\",\"breadcrumb\":{\"@id\":\"https:\\\/\\\/glownote.nl\\\/de\\\/wunschkerze\\\/glueckwunsch-neue-grosseltern\\\/#breadcrumb\"},\"inLanguage\":\"de\",\"potentialAction\":[{\"@type\":\"ReadAction\",\"target\":[\"https:\\\/\\\/glownote.nl\\\/de\\\/wunschkerze\\\/glueckwunsch-neue-grosseltern\\\/\"]}]},{\"@type\":\"ImageObject\",\"inLanguage\":\"de\",\"@id\":\"https:\\\/\\\/glownote.nl\\\/de\\\/wunschkerze\\\/glueckwunsch-neue-grosseltern\\\/#primaryimage\",\"url\":\"https:\\\/\\\/glownote.nl\\\/wp-content\\\/uploads\\\/2025\\\/12\\\/zur-geburt-06.jpg\",\"contentUrl\":\"https:\\\/\\\/glownote.nl\\\/wp-content\\\/uploads\\\/2025\\\/12\\\/zur-geburt-06.jpg\",\"width\":1920,\"height\":1080},{\"@type\":\"BreadcrumbList\",\"@id\":\"https:\\\/\\\/glownote.nl\\\/de\\\/wunschkerze\\\/glueckwunsch-neue-grosseltern\\\/#breadcrumb\",\"itemListElement\":[{\"@type\":\"ListItem\",\"position\":1,\"name\":\"Home\",\"item\":\"https:\\\/\\\/glownote.nl\\\/de\\\/\"},{\"@type\":\"ListItem\",\"position\":2,\"name\":\"Zur Geburt\",\"item\":\"https:\\\/\\\/glownote.nl\\\/de\\\/wunschkerzen\\\/zur-geburt\\\/\"},{\"@type\":\"ListItem\",\"position\":3,\"name\":\"Gl\u00fcckwunsch &#8211; Neue Gro\u00dfeltern\"}]},{\"@type\":\"WebSite\",\"@id\":\"https:\\\/\\\/glownote.nl\\\/de\\\/#website\",\"url\":\"https:\\\/\\\/glownote.nl\\\/de\\\/\",\"name\":\"GlowNote\",\"description\":\"Wenskaars met een persoonlijke tekst\",\"publisher\":{\"@id\":\"https:\\\/\\\/glownote.nl\\\/de\\\/#organization\"},\"potentialAction\":[{\"@type\":\"SearchAction\",\"target\":{\"@type\":\"EntryPoint\",\"urlTemplate\":\"https:\\\/\\\/glownote.nl\\\/de\\\/?s={search_term_string}\"},\"query-input\":{\"@type\":\"PropertyValueSpecification\",\"valueRequired\":true,\"valueName\":\"search_term_string\"}}],\"inLanguage\":\"de\"},{\"@type\":\"Organization\",\"@id\":\"https:\\\/\\\/glownote.nl\\\/de\\\/#organization\",\"name\":\"GlowNote\",\"url\":\"https:\\\/\\\/glownote.nl\\\/de\\\/\",\"logo\":{\"@type\":\"ImageObject\",\"inLanguage\":\"de\",\"@id\":\"https:\\\/\\\/glownote.nl\\\/de\\\/#\\\/schema\\\/logo\\\/image\\\/\",\"url\":\"https:\\\/\\\/glownote.nl\\\/wp-content\\\/uploads\\\/2025\\\/05\\\/Untitled-3.png\",\"contentUrl\":\"https:\\\/\\\/glownote.nl\\\/wp-content\\\/uploads\\\/2025\\\/05\\\/Untitled-3.png\",\"width\":696,\"height\":696,\"caption\":\"GlowNote\"},\"image\":{\"@id\":\"https:\\\/\\\/glownote.nl\\\/de\\\/#\\\/schema\\\/logo\\\/image\\\/\"},\"sameAs\":[\"https:\\\/\\\/www.facebook.com\\\/glownote\",\"https:\\\/\\\/www.instagram.com\\\/glownote.nl\\\/\"],\"description\":\"Een GlowNote is niet zomaar een kaars. Laag voor laag smelt het licht je tegemoet, tot de boodschap zichtbaar wordt. Elke GlowNote bevat een persoonlijke tekst, zorgvuldig verstopt in de kaars. Pas als het licht brandt, komt de boodschap langzaam tevoorschijn. Voor een verjaardag, bedankje, herinnering of zomaar \u2014 altijd op het juiste moment.\",\"email\":\"post@glownote.nl\",\"telephone\":\"0634246920\",\"legalName\":\"GlowNote\",\"foundingDate\":\"2025-02-04\",\"vatID\":\"NL001588101B17\",\"numberOfEmployees\":{\"@type\":\"QuantitativeValue\",\"minValue\":\"1\",\"maxValue\":\"10\"}}]}<\/script>\n<meta property=\"og:availability\" content=\"instock\" \/>\n<meta property=\"product:availability\" content=\"instock\" \/>\n<meta property=\"product:retailer_item_id\" content=\"GN3187\" \/>\n<meta property=\"product:condition\" content=\"new\" \/>\n<!-- \/ Yoast SEO Premium plugin. -->","yoast_head_json":{"title":"Gl\u00fcckwunsch - Neue Gro\u00dfeltern - GlowNote","description":"Unsere Kerze mit Botschaft ist das perfekte Geschenk f\u00fcr Ihre Liebsten. Verleihen Sie jeder Feier eine besondere Atmosph\u00e4re und kaufen Sie eine!","robots":{"index":"index","follow":"follow","max-snippet":"max-snippet:-1","max-image-preview":"max-image-preview:large","max-video-preview":"max-video-preview:-1"},"canonical":"https:\/\/glownote.nl\/de\/wunschkerze\/glueckwunsch-neue-grosseltern\/","og_locale":"de_DE","og_type":"article","og_title":"Gl\u00fcckwunsch - Neue Gro\u00dfeltern","og_description":"Unsere Kerze mit Botschaft ist das perfekte Geschenk f\u00fcr Ihre Liebsten. Verleihen Sie jeder Feier eine besondere Atmosph\u00e4re und kaufen Sie eine!","og_url":"https:\/\/glownote.nl\/de\/wunschkerze\/glueckwunsch-neue-grosseltern\/","og_site_name":"GlowNote","article_publisher":"https:\/\/www.facebook.com\/glownote","article_modified_time":"2025-12-15T08:54:29+00:00","og_image":[{"width":1920,"height":1080,"url":"https:\/\/glownote.nl\/wp-content\/uploads\/2025\/12\/zur-geburt-06.jpg","type":"image\/jpeg"}],"twitter_card":"summary_large_image","twitter_misc":{"Verf\u00fcgbarkeit":"Auf Lager"},"schema":{"@context":"https:\/\/schema.org","@graph":[{"@type":"WebPage","@id":"https:\/\/glownote.nl\/de\/wunschkerze\/glueckwunsch-neue-grosseltern\/","url":"https:\/\/glownote.nl\/de\/wunschkerze\/glueckwunsch-neue-grosseltern\/","name":"Gl\u00fcckwunsch - Neue Gro\u00dfeltern - GlowNote","isPartOf":{"@id":"https:\/\/glownote.nl\/de\/#website"},"primaryImageOfPage":{"@id":"https:\/\/glownote.nl\/de\/wunschkerze\/glueckwunsch-neue-grosseltern\/#primaryimage"},"image":{"@id":"https:\/\/glownote.nl\/de\/wunschkerze\/glueckwunsch-neue-grosseltern\/#primaryimage"},"thumbnailUrl":"https:\/\/glownote.nl\/wp-content\/uploads\/2025\/12\/zur-geburt-06.jpg","datePublished":"2025-09-06T13:24:59+00:00","dateModified":"2025-12-15T08:54:29+00:00","description":"Unsere Kerze mit Botschaft ist das perfekte Geschenk f\u00fcr Ihre Liebsten. Verleihen Sie jeder Feier eine besondere Atmosph\u00e4re und kaufen Sie eine!","breadcrumb":{"@id":"https:\/\/glownote.nl\/de\/wunschkerze\/glueckwunsch-neue-grosseltern\/#breadcrumb"},"inLanguage":"de","potentialAction":[{"@type":"ReadAction","target":["https:\/\/glownote.nl\/de\/wunschkerze\/glueckwunsch-neue-grosseltern\/"]}]},{"@type":"ImageObject","inLanguage":"de","@id":"https:\/\/glownote.nl\/de\/wunschkerze\/glueckwunsch-neue-grosseltern\/#primaryimage","url":"https:\/\/glownote.nl\/wp-content\/uploads\/2025\/12\/zur-geburt-06.jpg","contentUrl":"https:\/\/glownote.nl\/wp-content\/uploads\/2025\/12\/zur-geburt-06.jpg","width":1920,"height":1080},{"@type":"BreadcrumbList","@id":"https:\/\/glownote.nl\/de\/wunschkerze\/glueckwunsch-neue-grosseltern\/#breadcrumb","itemListElement":[{"@type":"ListItem","position":1,"name":"Home","item":"https:\/\/glownote.nl\/de\/"},{"@type":"ListItem","position":2,"name":"Zur Geburt","item":"https:\/\/glownote.nl\/de\/wunschkerzen\/zur-geburt\/"},{"@type":"ListItem","position":3,"name":"Gl\u00fcckwunsch &#8211; Neue Gro\u00dfeltern"}]},{"@type":"WebSite","@id":"https:\/\/glownote.nl\/de\/#website","url":"https:\/\/glownote.nl\/de\/","name":"GlowNote","description":"Wenskaars met een persoonlijke tekst","publisher":{"@id":"https:\/\/glownote.nl\/de\/#organization"},"potentialAction":[{"@type":"SearchAction","target":{"@type":"EntryPoint","urlTemplate":"https:\/\/glownote.nl\/de\/?s={search_term_string}"},"query-input":{"@type":"PropertyValueSpecification","valueRequired":true,"valueName":"search_term_string"}}],"inLanguage":"de"},{"@type":"Organization","@id":"https:\/\/glownote.nl\/de\/#organization","name":"GlowNote","url":"https:\/\/glownote.nl\/de\/","logo":{"@type":"ImageObject","inLanguage":"de","@id":"https:\/\/glownote.nl\/de\/#\/schema\/logo\/image\/","url":"https:\/\/glownote.nl\/wp-content\/uploads\/2025\/05\/Untitled-3.png","contentUrl":"https:\/\/glownote.nl\/wp-content\/uploads\/2025\/05\/Untitled-3.png","width":696,"height":696,"caption":"GlowNote"},"image":{"@id":"https:\/\/glownote.nl\/de\/#\/schema\/logo\/image\/"},"sameAs":["https:\/\/www.facebook.com\/glownote","https:\/\/www.instagram.com\/glownote.nl\/"],"description":"Een GlowNote is niet zomaar een kaars. Laag voor laag smelt het licht je tegemoet, tot de boodschap zichtbaar wordt. Elke GlowNote bevat een persoonlijke tekst, zorgvuldig verstopt in de kaars. Pas als het licht brandt, komt de boodschap langzaam tevoorschijn. Voor een verjaardag, bedankje, herinnering of zomaar \u2014 altijd op het juiste moment.","email":"post@glownote.nl","telephone":"0634246920","legalName":"GlowNote","foundingDate":"2025-02-04","vatID":"NL001588101B17","numberOfEmployees":{"@type":"QuantitativeValue","minValue":"1","maxValue":"10"}}]},"og_availability":"instock","product_availability":"instock","product_retailer_item_id":"GN3187","product_condition":"new"},"_links":{"self":[{"href":"https:\/\/glownote.nl\/de\/wp-json\/wp\/v2\/product\/7613","targetHints":{"allow":["GET"]}}],"collection":[{"href":"https:\/\/glownote.nl\/de\/wp-json\/wp\/v2\/product"}],"about":[{"href":"https:\/\/glownote.nl\/de\/wp-json\/wp\/v2\/types\/product"}],"wp:featuredmedia":[{"embeddable":true,"href":"https:\/\/glownote.nl\/de\/wp-json\/wp\/v2\/media\/7638"}],"wp:attachment":[{"href":"https:\/\/glownote.nl\/de\/wp-json\/wp\/v2\/media?parent=7613"}],"wp:term":[{"taxonomy":"product_brand","embeddable":true,"href":"https:\/\/glownote.nl\/de\/wp-json\/wp\/v2\/product_brand?post=7613"},{"taxonomy":"product_cat","embeddable":true,"href":"https:\/\/glownote.nl\/de\/wp-json\/wp\/v2\/product_cat?post=7613"},{"taxonomy":"product_tag","embeddable":true,"href":"https:\/\/glownote.nl\/de\/wp-json\/wp\/v2\/product_tag?post=7613"}],"curies":[{"name":"wp","href":"https:\/\/api.w.org\/{rel}","templated":true}]}}